{"id":7,"date":"2022-07-05T15:01:55","date_gmt":"2022-07-05T15:01:55","guid":{"rendered":"https:\/\/funny-lamarr.89-34-17-145.plesk.page\/?page_id=7"},"modified":"2025-04-21T14:32:02","modified_gmt":"2025-04-21T12:32:02","slug":"o-nas","status":"publish","type":"page","link":"https:\/\/www.meditak.sk\/en\/o-nas\/","title":{"rendered":"ABOUT US"},"content":{"rendered":"<h2>Announcements - Professional event<\/h2>\n\n\n\n<p><a href=\"https:\/\/www.meditak.sk\/wp-content\/uploads\/2025\/04\/doku_2025_6_12.pdf\" target=\"_blank\" rel=\"noreferrer noopener\">Invitation to a professional conference organized by the civil association SalusVitalis<\/a><\/p>\n\n\n\n<h2>Contacts<\/h2>\n\n\n\n<div class=\"wp-container-1 wp-block-group\"><div class=\"wp-block-group__inner-container\">\n<p>MediTak, s.r.o.<\/p>\n\n\n\n<p>Moyzesova 970\/14, 010 01 \u017dilina<\/p>\n<\/div><\/div>\n\n\n\n<p>Phone: +421 911 650 601<br>E-mail: meditak22@gmail.com<br>www.meditak.sk<\/p>\n\n\n\n<p>IBAN: SK67 7500 0000 0040 3013 8738 <\/p>\n\n\n\n<p>SWIFT: CEKOSKBX<\/p>\n\n\n\n<p>I\u010cO: 54375746<\/p>\n\n\n\n<p>DI\u010c: 2121647011<\/p>\n\n\n\n<h2><strong>Expert guarantors<\/strong><\/h2>\n\n\n\n<p>MUDr. Roman Hrin\u00edk - general medicine, internal medicine<\/p>\n\n\n\n<p>PhDr. Lucia Hrn\u010diarov\u00e1 - first aid instructor <\/p>\n\n\n\n<p>Mgr., Bc. Branislav Hrn\u010diar, MPH - first aid instructor, TCCC instructor<\/p>\n\n\n\n<h2><strong>Cooperation<\/strong><\/h2>\n\n\n\n<p>We cooperate in educational and publishing activities with:<\/p>\n\n\n\n<p><a href=\"https:\/\/www.ku.sk\/novinky-katolickej-univerzity\/taktika-a-medicina-odborne-podujatie-pre-studentov-katedry-zdravotnictva.html\" target=\"_blank\" rel=\"noreferrer noopener\">Faculty of Health Sciences, Catholic University of Ru\u017eomberok<\/a><\/p>\n\n\n\n<p><a href=\"https:\/\/www.salusvitalis.sk\/krst-knihy\/\" target=\"_blank\" rel=\"noreferrer noopener\">Civic Association SalusVitalis<\/a><\/p>\n\n\n\n<p><a href=\"https:\/\/www.c-tecc.org\/partners?filter_searchbox=MediTak&amp;filter_alphafilter=\" target=\"_blank\" rel=\"noreferrer noopener\">Committee for Tactical Emergency Casualt Care<\/a><\/p>\n\n\n\n<p><a href=\"https:\/\/www.facebook.com\/groups\/430114031737586\/permalink\/1169279014487747?locale=sk_SK\" target=\"_blank\" rel=\"noreferrer noopener\">Faculty of Security Engineering University of \u017dilina<\/a>&nbsp;<\/p>\n\n\n\n<p><\/p>","protected":false},"excerpt":{"rendered":"<p>Oznamy \u2013 Odborn\u00e9 podujatie Pozv\u00e1nka na odborn\u00fa konferenciu, ktor\u00fa usporad\u00fava ob\u010dianske zdru\u017eenie SalusVitalis Kontakty MediTak, s.r.o. Moyzesova 970\/14, 010 01 \u017dilina Telef\u00f3n: +421&nbsp;911&nbsp;650 601E-mail: meditak22@gmail.comwww.meditak.sk IBAN: SK67 7500 0000 0040 &#8230;<\/p>","protected":false},"author":1,"featured_media":0,"parent":0,"menu_order":0,"comment_status":"closed","ping_status":"closed","template":"","meta":{"_monsterinsights_skip_tracking":false,"_monsterinsights_sitenote_active":false,"_monsterinsights_sitenote_note":"","_monsterinsights_sitenote_category":0},"yoast_head":"<!-- This site is optimized with the Yoast SEO plugin v20.6 - https:\/\/yoast.com\/wordpress\/plugins\/seo\/ -->\n<title>O n\u00e1s - MediTak<\/title>\n<meta name=\"robots\" content=\"index, follow, max-snippet:-1, max-image-preview:large, max-video-preview:-1\" \/>\n<link rel=\"canonical\" href=\"https:\/\/www.meditak.sk\/en\/o-nas\/\" \/>\n<meta property=\"og:locale\" content=\"en_US\" \/>\n<meta property=\"og:type\" content=\"article\" \/>\n<meta property=\"og:title\" content=\"O n\u00e1s - MediTak\" \/>\n<meta property=\"og:description\" content=\"Oznamy \u2013 Odborn\u00e9 podujatie Pozv\u00e1nka na odborn\u00fa konferenciu, ktor\u00fa usporad\u00fava ob\u010dianske zdru\u017eenie SalusVitalis Kontakty MediTak, s.r.o. Moyzesova 970\/14, 010 01 \u017dilina Telef\u00f3n: +421&nbsp;911&nbsp;650 601E-mail: meditak22@gmail.comwww.meditak.sk IBAN: SK67 7500 0000 0040 ...\" \/>\n<meta property=\"og:url\" content=\"https:\/\/www.meditak.sk\/en\/o-nas\/\" \/>\n<meta property=\"og:site_name\" content=\"MediTak\" \/>\n<meta property=\"article:modified_time\" content=\"2025-04-21T12:32:02+00:00\" \/>\n<meta name=\"twitter:card\" content=\"summary_large_image\" \/>\n<meta name=\"twitter:label1\" content=\"Est. reading time\" \/>\n\t<meta name=\"twitter:data1\" content=\"1 minute\" \/>\n<script type=\"application\/ld+json\" class=\"yoast-schema-graph\">{\"@context\":\"https:\/\/schema.org\",\"@graph\":[{\"@type\":\"WebPage\",\"@id\":\"https:\/\/www.meditak.sk\/o-nas\/\",\"url\":\"https:\/\/www.meditak.sk\/o-nas\/\",\"name\":\"O n\u00e1s - MediTak\",\"isPartOf\":{\"@id\":\"https:\/\/www.meditak.sk\/#website\"},\"datePublished\":\"2022-07-05T15:01:55+00:00\",\"dateModified\":\"2025-04-21T12:32:02+00:00\",\"breadcrumb\":{\"@id\":\"https:\/\/www.meditak.sk\/o-nas\/#breadcrumb\"},\"inLanguage\":\"en-US\",\"potentialAction\":[{\"@type\":\"ReadAction\",\"target\":[\"https:\/\/www.meditak.sk\/o-nas\/\"]}]},{\"@type\":\"BreadcrumbList\",\"@id\":\"https:\/\/www.meditak.sk\/o-nas\/#breadcrumb\",\"itemListElement\":[{\"@type\":\"ListItem\",\"position\":1,\"name\":\"Domovsk\u00e1 str\u00e1nka\",\"item\":\"https:\/\/www.meditak.sk\/\"},{\"@type\":\"ListItem\",\"position\":2,\"name\":\"O n\u00e1s\"}]},{\"@type\":\"WebSite\",\"@id\":\"https:\/\/www.meditak.sk\/#website\",\"url\":\"https:\/\/www.meditak.sk\/\",\"name\":\"MediTak\",\"description\":\"\",\"publisher\":{\"@id\":\"https:\/\/www.meditak.sk\/#organization\"},\"potentialAction\":[{\"@type\":\"SearchAction\",\"target\":{\"@type\":\"EntryPoint\",\"urlTemplate\":\"https:\/\/www.meditak.sk\/?s={search_term_string}\"},\"query-input\":\"required name=search_term_string\"}],\"inLanguage\":\"en-US\"},{\"@type\":\"Organization\",\"@id\":\"https:\/\/www.meditak.sk\/#organization\",\"name\":\"MediTak\",\"url\":\"https:\/\/www.meditak.sk\/\",\"logo\":{\"@type\":\"ImageObject\",\"inLanguage\":\"en-US\",\"@id\":\"https:\/\/www.meditak.sk\/#\/schema\/logo\/image\/\",\"url\":\"https:\/\/www.meditak.sk\/wp-content\/uploads\/2026\/01\/cropped-image-4.png\",\"contentUrl\":\"https:\/\/www.meditak.sk\/wp-content\/uploads\/2026\/01\/cropped-image-4.png\",\"width\":314,\"height\":131,\"caption\":\"MediTak\"},\"image\":{\"@id\":\"https:\/\/www.meditak.sk\/#\/schema\/logo\/image\/\"}}]}<\/script>\n<!-- \/ Yoast SEO plugin. -->","yoast_head_json":{"title":"O n\u00e1s - MediTak","robots":{"index":"index","follow":"follow","max-snippet":"max-snippet:-1","max-image-preview":"max-image-preview:large","max-video-preview":"max-video-preview:-1"},"canonical":"https:\/\/www.meditak.sk\/en\/o-nas\/","og_locale":"en_US","og_type":"article","og_title":"O n\u00e1s - MediTak","og_description":"Oznamy \u2013 Odborn\u00e9 podujatie Pozv\u00e1nka na odborn\u00fa konferenciu, ktor\u00fa usporad\u00fava ob\u010dianske zdru\u017eenie SalusVitalis Kontakty MediTak, s.r.o. Moyzesova 970\/14, 010 01 \u017dilina Telef\u00f3n: +421&nbsp;911&nbsp;650 601E-mail: meditak22@gmail.comwww.meditak.sk IBAN: SK67 7500 0000 0040 ...","og_url":"https:\/\/www.meditak.sk\/en\/o-nas\/","og_site_name":"MediTak","article_modified_time":"2025-04-21T12:32:02+00:00","twitter_card":"summary_large_image","twitter_misc":{"Est. reading time":"1 minute"},"schema":{"@context":"https:\/\/schema.org","@graph":[{"@type":"WebPage","@id":"https:\/\/www.meditak.sk\/o-nas\/","url":"https:\/\/www.meditak.sk\/o-nas\/","name":"O n\u00e1s - MediTak","isPartOf":{"@id":"https:\/\/www.meditak.sk\/#website"},"datePublished":"2022-07-05T15:01:55+00:00","dateModified":"2025-04-21T12:32:02+00:00","breadcrumb":{"@id":"https:\/\/www.meditak.sk\/o-nas\/#breadcrumb"},"inLanguage":"en-US","potentialAction":[{"@type":"ReadAction","target":["https:\/\/www.meditak.sk\/o-nas\/"]}]},{"@type":"BreadcrumbList","@id":"https:\/\/www.meditak.sk\/o-nas\/#breadcrumb","itemListElement":[{"@type":"ListItem","position":1,"name":"Domovsk\u00e1 str\u00e1nka","item":"https:\/\/www.meditak.sk\/"},{"@type":"ListItem","position":2,"name":"O n\u00e1s"}]},{"@type":"WebSite","@id":"https:\/\/www.meditak.sk\/#website","url":"https:\/\/www.meditak.sk\/","name":"MediTak","description":"","publisher":{"@id":"https:\/\/www.meditak.sk\/#organization"},"potentialAction":[{"@type":"SearchAction","target":{"@type":"EntryPoint","urlTemplate":"https:\/\/www.meditak.sk\/?s={search_term_string}"},"query-input":"required name=search_term_string"}],"inLanguage":"en-US"},{"@type":"Organization","@id":"https:\/\/www.meditak.sk\/#organization","name":"MediTak","url":"https:\/\/www.meditak.sk\/","logo":{"@type":"ImageObject","inLanguage":"en-US","@id":"https:\/\/www.meditak.sk\/#\/schema\/logo\/image\/","url":"https:\/\/www.meditak.sk\/wp-content\/uploads\/2026\/01\/cropped-image-4.png","contentUrl":"https:\/\/www.meditak.sk\/wp-content\/uploads\/2026\/01\/cropped-image-4.png","width":314,"height":131,"caption":"MediTak"},"image":{"@id":"https:\/\/www.meditak.sk\/#\/schema\/logo\/image\/"}}]}},"_links":{"self":[{"href":"https:\/\/www.meditak.sk\/en\/wp-json\/wp\/v2\/pages\/7"}],"collection":[{"href":"https:\/\/www.meditak.sk\/en\/wp-json\/wp\/v2\/pages"}],"about":[{"href":"https:\/\/www.meditak.sk\/en\/wp-json\/wp\/v2\/types\/page"}],"author":[{"embeddable":true,"href":"https:\/\/www.meditak.sk\/en\/wp-json\/wp\/v2\/users\/1"}],"replies":[{"embeddable":true,"href":"https:\/\/www.meditak.sk\/en\/wp-json\/wp\/v2\/comments?post=7"}],"version-history":[{"count":6,"href":"https:\/\/www.meditak.sk\/en\/wp-json\/wp\/v2\/pages\/7\/revisions"}],"predecessor-version":[{"id":360,"href":"https:\/\/www.meditak.sk\/en\/wp-json\/wp\/v2\/pages\/7\/revisions\/360"}],"wp:attachment":[{"href":"https:\/\/www.meditak.sk\/en\/wp-json\/wp\/v2\/media?parent=7"}],"curies":[{"name":"wp","href":"https:\/\/api.w.org\/{rel}","templated":true}]}}