{"id":51,"date":"2022-07-05T14:50:02","date_gmt":"2022-07-05T12:50:02","guid":{"rendered":"https:\/\/funny-lamarr.89-34-17-145.plesk.page\/?page_id=2"},"modified":"2026-01-08T11:26:23","modified_gmt":"2026-01-08T09:26:23","slug":"aktivity-spolocnosti","status":"publish","type":"page","link":"https:\/\/www.meditak.sk\/en\/","title":{"rendered":"Activities"},"content":{"rendered":"<h2><strong>Education<\/strong><\/h2>\n\n\n\n<p class=\"has-text-align-left\">The main focus of the organisation is to educate the general and professional public in the provision of first and extended aid to the injured in unusual and life-threatening situations. To know how to react correctly in complicated events where the health and life of the injured and involved citizens and the rescuers are at risk and to respond dynamically to an ever-changingsituation.<\/p>\n\n\n\n<p>We teach how to coordinate assistance to the injured and minimize negative impacts on the health and life of others, using our resources and the resources found in the area of the hazardous situation.<\/p>\n\n\n\n<p>We are involved in the education of university students in the medical field. At the Faculty of Health Sciences of the Catholic University of Ru\u017eomberok, we teach Tactical Medicine courses, where we prepare second and third-year students of Emergency Health Care. The course aims to teach students \/future paramedics\/ how to assist the injured in specific conditions and situations in cooperation with the components of the Integrated Rescue System of Slovak Republic.<\/p>\n\n\n\n<p>Our lecturer, Branislav Hrn\u010diar, is also a part-time Disaster Medicine lecturer at theFaculty of Security Engineering of the University of \u017dilina.  Here he focuses on the overall issue and solution of crises, emergencies and disasters. In such events, the cooperation and coordination of individual procedures of several components of the IRS \/Fire and Rescue Corps, Emergency Medical Service, Police of the Slovak Republic  and other units \/ are essential.<\/p>\n\n\n\n<h2><strong>Tactical medicine course - students of medical disciplines<\/strong><\/h2>\n\n\n\n<p>The course contents are adapted to theoretical knowledge and gradually developing practicalskills of the students. The second-year students are introduced to the concept of medicine used in tactical and combat situations on how they can assist the injured when the health and life of the involved parties are at high risk. They learn how to manage a dangerous situation and carry out the individual steps that save the life of the injured and minimise the level of risk to the rescuer.<\/p>\n\n\n\n<p>In the third year, we emphasise the more extensive performance of medical aid to the injured. We teach students to use specific medical supplies and personal protective equipment in emergencies. The treatment of the injured is carried out following the Decree of the Ministry of Health of the Slovak Republic, which amends the Decree of the Ministry of Health of the Slovak Republic No. 321\/2005 Coll. on the scope of practice in certain health professions, as amended by 151\/2018 effective from 01.06.2018.<\/p>\n\n\n\n<p>Teoretick\u00e1 \u010das\u0165 kurzu prebieha v&nbsp;priestoroch Fakulty zdravotn\u00edctva KU v&nbsp;Ru\u017eomberku. Pre n\u00e1cvik praktick\u00fdch \u010dinnost\u00ed v&nbsp;r\u00f4znych situ\u00e1ci\u00e1ch a&nbsp;priestoroch vyu\u017e\u00edvame rekrea\u010dn\u00fd are\u00e1l \u017delezn\u00f4 na Liptove.&nbsp;S\u00fa\u010das\u0165ou kurzu je aj exkurzia \u0161tudentov na 5.p\u0160U \u017dilina (<a href=\"https:\/\/www.ku.sk\/fakulty-katolickej-univerzity\/fakulta-zdravotnictva\/novinky\/studenti-katedry-urgentnej-zdravotnej-starostlivosti-na-5-pluku-specialneho-urcenia-v-ziline.html\" target=\"_blank\" rel=\"noreferrer noopener\">https:\/\/www.ku.sk<\/a>).<\/p>\n\n\n\n<h2><strong>Regulations<\/strong><\/h2>\n\n\n\n<p>Hazardous situation can arise in any activity, so it is advisable to know the basic principles and procedures that can be relied upon in similar situations. These are the procedures used in<\/p>\n\n\n\n<ul><li>Armed Forces,<\/li><li>Fire and Rescue Services,<\/li><li>Emergency Medical Services<\/li><\/ul>\n\n\n\n<p>Each force deals with the hazardous situation within the scope of its operational and tactical procedures and competencies, in which we also try to implement the care of the injured with respect to the individual's education and practical skills.<\/p>\n\n\n\n<p>The scope of assistance to the injured is defined by Decree No. 398\/2010 Coll., Act No. 578\/2004 Coll. and other laws dealing with the scope of medical practice.<\/p>\n\n\n\n<p>\u0160trukt\u00fara a&nbsp;obsah vzdel\u00e1vac\u00edch podujat\u00ed vych\u00e1dza z&nbsp;koncepcie TECC, ktorej smernice s\u00fa schv\u00e1len\u00e9 C-TECC \/The Committee for Tactical Emergency Casualty Care\/ &#8211; <a href=\"https:\/\/www.c-tecc.org\/our-work\/guidance\" target=\"_blank\" rel=\"noreferrer noopener\">https:\/\/www.c-tecc.org\/our-work\/guidance<\/a><\/p>\n\n\n\n<p><\/p>\n\n\n\n<h2>Participation in events<\/h2>\n\n\n\n<p>Odborn\u00e9 konferencie a s\u00fa\u0165a\u017ee z\u00e1chran\u00e1rskych pos\u00e1dok s\u00fa vhodn\u00fdm miestom pre z\u00edskavanie nov\u00fdch inform\u00e1ci\u00ed a&nbsp;praktick\u00fdch sk\u00fasenost\u00ed v&nbsp;oblasti poskytovania pomoci zranen\u00fdm v&nbsp;kr\u00edzov\u00fdch a&nbsp;\u017eivot ohrozuj\u00facich situ\u00e1ci\u00e1ch. Tak\u00e9to odborn\u00e9 podujatie v d\u0148och 2-3.5.2024, organizovalo ob\u010dianske zdru\u017eenie Salus Vitalis, na ktorom vyst\u00fapil s&nbsp;prezent\u00e1ciou aj Branislav Hrn\u010diar a&nbsp;kde nesk\u00f4r p\u00f4sobil ako rozhodca. Za mo\u017enos\u0165 prezentova\u0165 svoje sk\u00fasenosti a&nbsp;poznatky na odbornej konvencii v&nbsp;oblasti vojenskej a&nbsp;kr\u00edzovej medic\u00edny, \u010fakujeme Mgr. Dagmar Tom\u010d\u00e1nyovej, \u0161tatut\u00e1rnemu z\u00e1stupcovi o.z. Salus Vitalis. <\/p>\n\n\n\n<p class=\"has-medium-font-size\"><strong><a href=\"https:\/\/www.salusvitalis.sk\/fotogaleria\/17\" target=\"_blank\" rel=\"noreferrer noopener\">Le\u0161\u0165 2024<\/a><\/strong><\/p>\n\n\n\n<p class=\"has-medium-font-size\"><a href=\"https:\/\/www.salusvitalis.sk\/fotogaleria\/13\" target=\"_blank\" rel=\"noreferrer noopener\"><strong>Le\u0161\u0165 2023<\/strong><\/a><\/p>\n\n\n\n<p><\/p>\n\n\n\n<figure class=\"wp-container-2 wp-block-gallery-1 wp-block-gallery has-nested-images columns-default is-cropped\">\n<figure class=\"wp-block-image size-large\"><a href=\"https:\/\/www.meditak.sk\/wp-content\/uploads\/2024\/05\/podujatia-1.jpg\"><img loading=\"lazy\" width=\"1200\" height=\"720\" data-id=\"283\"  src=\"https:\/\/www.meditak.sk\/wp-content\/uploads\/2024\/05\/podujatia-1.jpg\" alt=\"\" class=\"wp-image-283\" srcset=\"https:\/\/www.meditak.sk\/wp-content\/uploads\/2024\/05\/podujatia-1.jpg 1200w, https:\/\/www.meditak.sk\/wp-content\/uploads\/2024\/05\/podujatia-1-300x180.jpg 300w, https:\/\/www.meditak.sk\/wp-content\/uploads\/2024\/05\/podujatia-1-1024x614.jpg 1024w, https:\/\/www.meditak.sk\/wp-content\/uploads\/2024\/05\/podujatia-1-768x461.jpg 768w, https:\/\/www.meditak.sk\/wp-content\/uploads\/2024\/05\/podujatia-1-18x12.jpg 18w\" sizes=\"(max-width: 1200px) 100vw, 1200px\" \/><\/a><\/figure>\n\n\n\n<figure class=\"wp-block-image size-large\"><a href=\"https:\/\/www.meditak.sk\/wp-content\/uploads\/2024\/05\/podujatia-2.jpg\"><img loading=\"lazy\" width=\"1080\" height=\"720\" data-id=\"284\"  src=\"https:\/\/www.meditak.sk\/wp-content\/uploads\/2024\/05\/podujatia-2.jpg\" alt=\"\" class=\"wp-image-284\" srcset=\"https:\/\/www.meditak.sk\/wp-content\/uploads\/2024\/05\/podujatia-2.jpg 1080w, https:\/\/www.meditak.sk\/wp-content\/uploads\/2024\/05\/podujatia-2-300x200.jpg 300w, https:\/\/www.meditak.sk\/wp-content\/uploads\/2024\/05\/podujatia-2-1024x683.jpg 1024w, https:\/\/www.meditak.sk\/wp-content\/uploads\/2024\/05\/podujatia-2-768x512.jpg 768w, https:\/\/www.meditak.sk\/wp-content\/uploads\/2024\/05\/podujatia-2-18x12.jpg 18w\" sizes=\"(max-width: 1080px) 100vw, 1080px\" \/><\/a><\/figure>\n\n\n\n<figure class=\"wp-block-image size-large\"><a href=\"https:\/\/www.meditak.sk\/wp-content\/uploads\/2024\/05\/podujatia-3.jpg\"><img loading=\"lazy\" width=\"1080\" height=\"720\" data-id=\"285\"  src=\"https:\/\/www.meditak.sk\/wp-content\/uploads\/2024\/05\/podujatia-3.jpg\" alt=\"\" class=\"wp-image-285\" srcset=\"https:\/\/www.meditak.sk\/wp-content\/uploads\/2024\/05\/podujatia-3.jpg 1080w, https:\/\/www.meditak.sk\/wp-content\/uploads\/2024\/05\/podujatia-3-300x200.jpg 300w, https:\/\/www.meditak.sk\/wp-content\/uploads\/2024\/05\/podujatia-3-1024x683.jpg 1024w, https:\/\/www.meditak.sk\/wp-content\/uploads\/2024\/05\/podujatia-3-768x512.jpg 768w, https:\/\/www.meditak.sk\/wp-content\/uploads\/2024\/05\/podujatia-3-18x12.jpg 18w\" sizes=\"(max-width: 1080px) 100vw, 1080px\" \/><\/a><\/figure>\n\n\n\n<figure class=\"wp-block-image size-large\"><a href=\"https:\/\/www.meditak.sk\/wp-content\/uploads\/2024\/05\/podujatia-4.jpg\"><img loading=\"lazy\" width=\"1080\" height=\"720\" data-id=\"286\"  src=\"https:\/\/www.meditak.sk\/wp-content\/uploads\/2024\/05\/podujatia-4.jpg\" alt=\"\" class=\"wp-image-286\" srcset=\"https:\/\/www.meditak.sk\/wp-content\/uploads\/2024\/05\/podujatia-4.jpg 1080w, https:\/\/www.meditak.sk\/wp-content\/uploads\/2024\/05\/podujatia-4-300x200.jpg 300w, https:\/\/www.meditak.sk\/wp-content\/uploads\/2024\/05\/podujatia-4-1024x683.jpg 1024w, https:\/\/www.meditak.sk\/wp-content\/uploads\/2024\/05\/podujatia-4-768x512.jpg 768w, https:\/\/www.meditak.sk\/wp-content\/uploads\/2024\/05\/podujatia-4-18x12.jpg 18w\" sizes=\"(max-width: 1080px) 100vw, 1080px\" \/><\/a><\/figure>\n<\/figure>\n\n\n\n<p><\/p>\n\n\n\n<h2>Predn\u00e1\u0161ky pre \u0161tudentov<\/h2>\n\n\n\n<p>Na z\u00e1klade pozvania pedag\u00f3gov z Vysokej \u0161koly zdravotn\u00edctva a soci\u00e1lnej pr\u00e1ce sv. Al\u017ebety v&nbsp;Bratislave, In\u0161tit\u00fat soci\u00e1lnych vied a zdravotn\u00edctva bl. P. P. Gojdi\u010da, &nbsp;v&nbsp;Pre\u0161ove, sa 5.decembra 2025 uskuto\u010dnila predn\u00e1\u0161ka pre \u0161tudentov 3. ro\u010dn\u00edka v odbore o\u0161etrovate\u013estvo. T\u00e9mou predn\u00e1\u0161ky bolo pouk\u00e1za\u0165 na \u0161pecifik\u00e1 zdravotnej starostlivosti o&nbsp;zranen\u00fdch vojakov pri vykon\u00e1van\u00ed vojenskej \u010dinnosti po\u010das nasadenia vo vojensk\u00fdch oper\u00e1ci\u00e1ch v&nbsp;zahrani\u010d\u00ed. Ako b\u00fdval\u00e9mu vojensk\u00e9mu zdravotn\u00edkovi mi bolo c\u0165ou predstavi\u0165 \u0161tudentom pr\u00e1cu vojensk\u00fdch zdravotn\u00edkov, ktor\u00ed s\u00fa neoddelite\u013enou s\u00fa\u010das\u0165ou vojensk\u00fdch misi\u00ed.<\/p>\n\n\n\n<p><a href=\"https:\/\/www.vssvalzbety.sk\/isppg\/aktuality\/navstivili-nas-vojnovi-veterani-zdravotnici\/113\/\">https:\/\/www.vssvalzbety.sk\/isppg\/aktuality\/navstivili-nas-vojnovi-veterani-zdravotnici\/113\/<\/a><\/p>\n\n\n\n<figure class=\"wp-block-image size-full is-resized\"><img loading=\"lazy\" src=\"https:\/\/www.meditak.sk\/wp-content\/uploads\/2026\/01\/image.jpg\" alt=\"\" class=\"wp-image-419\" width=\"648\" height=\"360\" srcset=\"https:\/\/www.meditak.sk\/wp-content\/uploads\/2026\/01\/image.jpg 632w, https:\/\/www.meditak.sk\/wp-content\/uploads\/2026\/01\/image-300x167.jpg 300w, https:\/\/www.meditak.sk\/wp-content\/uploads\/2026\/01\/image-18x10.jpg 18w\" sizes=\"(max-width: 648px) 100vw, 648px\" \/><\/figure>","protected":false},"excerpt":{"rendered":"<p>Vzdel\u00e1vacie aktivity Hlavnou n\u00e1pl\u0148ou spolo\u010dnosti je vzdel\u00e1vanie laickej a&nbsp;odbornej verejnosti v&nbsp;oblasti poskytovania prvej a&nbsp;roz\u0161\u00edrenej pomoci zranen\u00fdm v&nbsp;nezvy\u010dajn\u00fdch a&nbsp;\u017eivot ohrozuj\u00facich situ\u00e1ci\u00e1ch. Vedie\u0165 spr\u00e1vne reagova\u0165 v&nbsp;komplikovan\u00fdch situ\u00e1ci\u00e1ch, kde je ohrozen\u00e9 zdravie a&nbsp;\u017eivot &#8230;<\/p>","protected":false},"author":1,"featured_media":0,"parent":0,"menu_order":0,"comment_status":"closed","ping_status":"closed","template":"","meta":{"_monsterinsights_skip_tracking":false,"_monsterinsights_sitenote_active":false,"_monsterinsights_sitenote_note":"","_monsterinsights_sitenote_category":0},"yoast_head":"<!-- This site is optimized with the Yoast SEO plugin v20.6 - https:\/\/yoast.com\/wordpress\/plugins\/seo\/ -->\n<title>Aktivity spolo\u010dnosti - MediTak<\/title>\n<meta name=\"robots\" content=\"index, follow, max-snippet:-1, max-image-preview:large, max-video-preview:-1\" \/>\n<link rel=\"canonical\" href=\"https:\/\/www.meditak.sk\/en\/\" \/>\n<meta property=\"og:locale\" content=\"en_US\" \/>\n<meta property=\"og:type\" content=\"article\" \/>\n<meta property=\"og:title\" content=\"Aktivity spolo\u010dnosti - MediTak\" \/>\n<meta property=\"og:description\" content=\"Vzdel\u00e1vacie aktivity Hlavnou n\u00e1pl\u0148ou spolo\u010dnosti je vzdel\u00e1vanie laickej a&nbsp;odbornej verejnosti v&nbsp;oblasti poskytovania prvej a&nbsp;roz\u0161\u00edrenej pomoci zranen\u00fdm v&nbsp;nezvy\u010dajn\u00fdch a&nbsp;\u017eivot ohrozuj\u00facich situ\u00e1ci\u00e1ch. Vedie\u0165 spr\u00e1vne reagova\u0165 v&nbsp;komplikovan\u00fdch situ\u00e1ci\u00e1ch, kde je ohrozen\u00e9 zdravie a&nbsp;\u017eivot ...\" \/>\n<meta property=\"og:url\" content=\"https:\/\/www.meditak.sk\/en\/\" \/>\n<meta property=\"og:site_name\" content=\"MediTak\" \/>\n<meta property=\"article:modified_time\" content=\"2026-01-08T09:26:23+00:00\" \/>\n<meta property=\"og:image\" content=\"https:\/\/www.meditak.sk\/wp-content\/uploads\/2024\/05\/podujatia-1.jpg\" \/>\n<meta name=\"twitter:card\" content=\"summary_large_image\" \/>\n<meta name=\"twitter:label1\" content=\"Est. reading time\" \/>\n\t<meta name=\"twitter:data1\" content=\"5 minutes\" \/>\n<script type=\"application\/ld+json\" class=\"yoast-schema-graph\">{\"@context\":\"https:\/\/schema.org\",\"@graph\":[{\"@type\":\"WebPage\",\"@id\":\"https:\/\/www.meditak.sk\/\",\"url\":\"https:\/\/www.meditak.sk\/\",\"name\":\"Aktivity spolo\u010dnosti - MediTak\",\"isPartOf\":{\"@id\":\"https:\/\/www.meditak.sk\/#website\"},\"datePublished\":\"2022-07-05T12:50:02+00:00\",\"dateModified\":\"2026-01-08T09:26:23+00:00\",\"breadcrumb\":{\"@id\":\"https:\/\/www.meditak.sk\/#breadcrumb\"},\"inLanguage\":\"en-US\",\"potentialAction\":[{\"@type\":\"ReadAction\",\"target\":[\"https:\/\/www.meditak.sk\/\"]}]},{\"@type\":\"BreadcrumbList\",\"@id\":\"https:\/\/www.meditak.sk\/#breadcrumb\",\"itemListElement\":[{\"@type\":\"ListItem\",\"position\":1,\"name\":\"Domovsk\u00e1 str\u00e1nka\",\"item\":\"https:\/\/www.meditak.sk\/\"},{\"@type\":\"ListItem\",\"position\":2,\"name\":\"Aktivity spolo\u010dnosti\"}]},{\"@type\":\"WebSite\",\"@id\":\"https:\/\/www.meditak.sk\/#website\",\"url\":\"https:\/\/www.meditak.sk\/\",\"name\":\"MediTak\",\"description\":\"\",\"publisher\":{\"@id\":\"https:\/\/www.meditak.sk\/#organization\"},\"potentialAction\":[{\"@type\":\"SearchAction\",\"target\":{\"@type\":\"EntryPoint\",\"urlTemplate\":\"https:\/\/www.meditak.sk\/?s={search_term_string}\"},\"query-input\":\"required name=search_term_string\"}],\"inLanguage\":\"en-US\"},{\"@type\":\"Organization\",\"@id\":\"https:\/\/www.meditak.sk\/#organization\",\"name\":\"MediTak\",\"url\":\"https:\/\/www.meditak.sk\/\",\"logo\":{\"@type\":\"ImageObject\",\"inLanguage\":\"en-US\",\"@id\":\"https:\/\/www.meditak.sk\/#\/schema\/logo\/image\/\",\"url\":\"https:\/\/www.meditak.sk\/wp-content\/uploads\/2026\/01\/cropped-image-4.png\",\"contentUrl\":\"https:\/\/www.meditak.sk\/wp-content\/uploads\/2026\/01\/cropped-image-4.png\",\"width\":314,\"height\":131,\"caption\":\"MediTak\"},\"image\":{\"@id\":\"https:\/\/www.meditak.sk\/#\/schema\/logo\/image\/\"}}]}<\/script>\n<!-- \/ Yoast SEO plugin. -->","yoast_head_json":{"title":"Aktivity spolo\u010dnosti - MediTak","robots":{"index":"index","follow":"follow","max-snippet":"max-snippet:-1","max-image-preview":"max-image-preview:large","max-video-preview":"max-video-preview:-1"},"canonical":"https:\/\/www.meditak.sk\/en\/","og_locale":"en_US","og_type":"article","og_title":"Aktivity spolo\u010dnosti - MediTak","og_description":"Vzdel\u00e1vacie aktivity Hlavnou n\u00e1pl\u0148ou spolo\u010dnosti je vzdel\u00e1vanie laickej a&nbsp;odbornej verejnosti v&nbsp;oblasti poskytovania prvej a&nbsp;roz\u0161\u00edrenej pomoci zranen\u00fdm v&nbsp;nezvy\u010dajn\u00fdch a&nbsp;\u017eivot ohrozuj\u00facich situ\u00e1ci\u00e1ch. Vedie\u0165 spr\u00e1vne reagova\u0165 v&nbsp;komplikovan\u00fdch situ\u00e1ci\u00e1ch, kde je ohrozen\u00e9 zdravie a&nbsp;\u017eivot ...","og_url":"https:\/\/www.meditak.sk\/en\/","og_site_name":"MediTak","article_modified_time":"2026-01-08T09:26:23+00:00","og_image":[{"url":"https:\/\/www.meditak.sk\/wp-content\/uploads\/2024\/05\/podujatia-1.jpg"}],"twitter_card":"summary_large_image","twitter_misc":{"Est. reading time":"5 minutes"},"schema":{"@context":"https:\/\/schema.org","@graph":[{"@type":"WebPage","@id":"https:\/\/www.meditak.sk\/","url":"https:\/\/www.meditak.sk\/","name":"Aktivity spolo\u010dnosti - MediTak","isPartOf":{"@id":"https:\/\/www.meditak.sk\/#website"},"datePublished":"2022-07-05T12:50:02+00:00","dateModified":"2026-01-08T09:26:23+00:00","breadcrumb":{"@id":"https:\/\/www.meditak.sk\/#breadcrumb"},"inLanguage":"en-US","potentialAction":[{"@type":"ReadAction","target":["https:\/\/www.meditak.sk\/"]}]},{"@type":"BreadcrumbList","@id":"https:\/\/www.meditak.sk\/#breadcrumb","itemListElement":[{"@type":"ListItem","position":1,"name":"Domovsk\u00e1 str\u00e1nka","item":"https:\/\/www.meditak.sk\/"},{"@type":"ListItem","position":2,"name":"Aktivity spolo\u010dnosti"}]},{"@type":"WebSite","@id":"https:\/\/www.meditak.sk\/#website","url":"https:\/\/www.meditak.sk\/","name":"MediTak","description":"","publisher":{"@id":"https:\/\/www.meditak.sk\/#organization"},"potentialAction":[{"@type":"SearchAction","target":{"@type":"EntryPoint","urlTemplate":"https:\/\/www.meditak.sk\/?s={search_term_string}"},"query-input":"required name=search_term_string"}],"inLanguage":"en-US"},{"@type":"Organization","@id":"https:\/\/www.meditak.sk\/#organization","name":"MediTak","url":"https:\/\/www.meditak.sk\/","logo":{"@type":"ImageObject","inLanguage":"en-US","@id":"https:\/\/www.meditak.sk\/#\/schema\/logo\/image\/","url":"https:\/\/www.meditak.sk\/wp-content\/uploads\/2026\/01\/cropped-image-4.png","contentUrl":"https:\/\/www.meditak.sk\/wp-content\/uploads\/2026\/01\/cropped-image-4.png","width":314,"height":131,"caption":"MediTak"},"image":{"@id":"https:\/\/www.meditak.sk\/#\/schema\/logo\/image\/"}}]}},"_links":{"self":[{"href":"https:\/\/www.meditak.sk\/en\/wp-json\/wp\/v2\/pages\/51"}],"collection":[{"href":"https:\/\/www.meditak.sk\/en\/wp-json\/wp\/v2\/pages"}],"about":[{"href":"https:\/\/www.meditak.sk\/en\/wp-json\/wp\/v2\/types\/page"}],"author":[{"embeddable":true,"href":"https:\/\/www.meditak.sk\/en\/wp-json\/wp\/v2\/users\/1"}],"replies":[{"embeddable":true,"href":"https:\/\/www.meditak.sk\/en\/wp-json\/wp\/v2\/comments?post=51"}],"version-history":[{"count":6,"href":"https:\/\/www.meditak.sk\/en\/wp-json\/wp\/v2\/pages\/51\/revisions"}],"predecessor-version":[{"id":440,"href":"https:\/\/www.meditak.sk\/en\/wp-json\/wp\/v2\/pages\/51\/revisions\/440"}],"wp:attachment":[{"href":"https:\/\/www.meditak.sk\/en\/wp-json\/wp\/v2\/media?parent=51"}],"curies":[{"name":"wp","href":"https:\/\/api.w.org\/{rel}","templated":true}]}}